{"id":7,"date":"2024-12-27T10:37:45","date_gmt":"2024-12-27T09:37:45","guid":{"rendered":"https:\/\/janowepole.com\/?page_id=7"},"modified":"2024-12-27T15:42:22","modified_gmt":"2024-12-27T14:42:22","slug":"o-nas","status":"publish","type":"page","link":"https:\/\/janowepole.com\/nn\/o-nas\/","title":{"rendered":"Om oss"},"content":{"rendered":"<div data-elementor-type=\"wp-page\" data-elementor-id=\"7\" class=\"elementor elementor-7\" data-elementor-post-type=\"page\">\n\t\t\t\t\t\t<section class=\"elementor-section elementor-top-section elementor-element elementor-element-91af050 elementor-section-boxed elementor-section-height-default elementor-section-height-default\" data-id=\"91af050\" data-element_type=\"section\" data-settings=\"{&quot;background_background&quot;:&quot;classic&quot;,&quot;ekit_has_onepagescroll_dot&quot;:&quot;yes&quot;}\">\n\t\t\t\t\t\t\t<div class=\"elementor-background-overlay\"><\/div>\n\t\t\t\t\t\t\t<div class=\"elementor-container elementor-column-gap-default\">\n\t\t\t\t\t<div class=\"elementor-column elementor-col-100 elementor-top-column elementor-element elementor-element-e3a333c\" data-id=\"e3a333c\" data-element_type=\"column\">\n\t\t\t<div class=\"elementor-widget-wrap elementor-element-populated\">\n\t\t\t\t\t\t<div class=\"elementor-element elementor-element-a1ebdfa elementor-widget elementor-widget-heading\" data-id=\"a1ebdfa\" data-element_type=\"widget\" data-settings=\"{&quot;ekit_we_effect_on&quot;:&quot;none&quot;}\" data-widget_type=\"heading.default\">\n\t\t\t\t<div class=\"elementor-widget-container\">\n\t\t\t\t\t<h1 class=\"elementor-heading-title elementor-size-default\">Om oss<\/h1>\t\t\t\t<\/div>\n\t\t\t\t<\/div>\n\t\t\t\t<div class=\"elementor-element elementor-element-1fb6dcb elementor-widget elementor-widget-text-editor\" data-id=\"1fb6dcb\" data-element_type=\"widget\" data-settings=\"{&quot;ekit_we_effect_on&quot;:&quot;none&quot;}\" data-widget_type=\"text-editor.default\">\n\t\t\t\t<div class=\"elementor-widget-container\">\n\t\t\t\t\t\t\t\t\t<p>JanowePole er en skogsby gjemt i en fjellskr\u00e5ning, i en landsby med nesten 500-\u00e5rs historie og mange spennende tradisjoner.<\/p>\t\t\t\t\t\t\t\t<\/div>\n\t\t\t\t<\/div>\n\t\t\t\t<div class=\"elementor-element elementor-element-023fcb7 elementor-widget elementor-widget-button\" data-id=\"023fcb7\" data-element_type=\"widget\" data-settings=\"{&quot;ekit_we_effect_on&quot;:&quot;none&quot;}\" data-widget_type=\"button.default\">\n\t\t\t\t<div class=\"elementor-widget-container\">\n\t\t\t\t\t\t\t\t\t<div class=\"elementor-button-wrapper\">\n\t\t\t\t\t<a class=\"elementor-button elementor-button-link elementor-size-sm\" href=\"https:\/\/janowepole.com\/nn\/?page_id=7\">\n\t\t\t\t\t\t<span class=\"elementor-button-content-wrapper\">\n\t\t\t\t\t\t\t\t\t<span class=\"elementor-button-text\">Skriv til oss<\/span>\n\t\t\t\t\t<\/span>\n\t\t\t\t\t<\/a>\n\t\t\t\t<\/div>\n\t\t\t\t\t\t\t\t<\/div>\n\t\t\t\t<\/div>\n\t\t\t\t\t<\/div>\n\t\t<\/div>\n\t\t\t\t\t<\/div>\n\t\t<\/section>\n\t\t\t\t<section class=\"elementor-section elementor-top-section elementor-element elementor-element-b62b6fc elementor-section-boxed elementor-section-height-default elementor-section-height-default\" data-id=\"b62b6fc\" data-element_type=\"section\" data-settings=\"{&quot;ekit_has_onepagescroll_dot&quot;:&quot;yes&quot;}\">\n\t\t\t\t\t\t<div class=\"elementor-container elementor-column-gap-default\">\n\t\t\t\t\t<div class=\"elementor-column elementor-col-100 elementor-top-column elementor-element elementor-element-467dd15\" data-id=\"467dd15\" data-element_type=\"column\">\n\t\t\t<div class=\"elementor-widget-wrap elementor-element-populated\">\n\t\t\t\t\t\t<div class=\"elementor-element elementor-element-a60a96a elementor-widget elementor-widget-heading\" data-id=\"a60a96a\" data-element_type=\"widget\" data-settings=\"{&quot;ekit_we_effect_on&quot;:&quot;none&quot;}\" data-widget_type=\"heading.default\">\n\t\t\t\t<div class=\"elementor-widget-container\">\n\t\t\t\t\t<h2 class=\"elementor-heading-title elementor-size-default\">Sted<\/h2>\t\t\t\t<\/div>\n\t\t\t\t<\/div>\n\t\t\t\t<div class=\"elementor-element elementor-element-cd51685 elementor-widget-divider--view-line elementor-widget elementor-widget-divider\" data-id=\"cd51685\" data-element_type=\"widget\" data-settings=\"{&quot;ekit_we_effect_on&quot;:&quot;none&quot;}\" data-widget_type=\"divider.default\">\n\t\t\t\t<div class=\"elementor-widget-container\">\n\t\t\t\t\t\t\t<div class=\"elementor-divider\">\n\t\t\t<span class=\"elementor-divider-separator\">\n\t\t\t\t\t\t<\/span>\n\t\t<\/div>\n\t\t\t\t\t\t<\/div>\n\t\t\t\t<\/div>\n\t\t\t\t\t<\/div>\n\t\t<\/div>\n\t\t\t\t\t<\/div>\n\t\t<\/section>\n\t\t\t\t<section class=\"elementor-section elementor-top-section elementor-element elementor-element-3a0832f elementor-section-boxed elementor-section-height-default elementor-section-height-default\" data-id=\"3a0832f\" data-element_type=\"section\" data-settings=\"{&quot;ekit_has_onepagescroll_dot&quot;:&quot;yes&quot;}\">\n\t\t\t\t\t\t<div class=\"elementor-container elementor-column-gap-default\">\n\t\t\t\t\t<div class=\"elementor-column elementor-col-66 elementor-top-column elementor-element elementor-element-1c0a270\" data-id=\"1c0a270\" data-element_type=\"column\">\n\t\t\t<div class=\"elementor-widget-wrap elementor-element-populated\">\n\t\t\t\t\t\t<div class=\"elementor-element elementor-element-09f2b08 elementor-widget elementor-widget-text-editor\" data-id=\"09f2b08\" data-element_type=\"widget\" data-settings=\"{&quot;ekit_we_effect_on&quot;:&quot;none&quot;}\" data-widget_type=\"text-editor.default\">\n\t\t\t\t<div class=\"elementor-widget-container\">\n\t\t\t\t\t\t\t\t\t<p>Wola Krogulecka som ligger i Stary S\u0105cz kommune er et magisk sted, med god energi og mange muligheter. Her g\u00e5r livet i sitt eget tempo. Det er her fjell- og sykkelstier i alle retninger av Beskid S\u0105decki-fjellene begynner. Vinduene byr p\u00e5 utsikten over Radziejowa og Jaworzyna Krynicka-omr\u00e5dene. Du kan ogs\u00e5 enkelt finne Beskid Wyspowy-skj\u00e6rg\u00e5rden med den stolt eksponerte Mogielica. Gorce-fjellene og Podg\u00f3rze Ro\u017cnowskie markerer ogs\u00e5 deres tilstedev\u00e6relse.<\/p>\t\t\t\t\t\t\t\t<\/div>\n\t\t\t\t<\/div>\n\t\t\t\t\t<\/div>\n\t\t<\/div>\n\t\t\t\t<div class=\"elementor-column elementor-col-33 elementor-top-column elementor-element elementor-element-caec3ef\" data-id=\"caec3ef\" data-element_type=\"column\">\n\t\t\t<div class=\"elementor-widget-wrap elementor-element-populated\">\n\t\t\t\t\t\t<div class=\"elementor-element elementor-element-545bcd4 elementor-widget elementor-widget-image\" data-id=\"545bcd4\" data-element_type=\"widget\" data-settings=\"{&quot;ekit_we_effect_on&quot;:&quot;none&quot;}\" data-widget_type=\"image.default\">\n\t\t\t\t<div class=\"elementor-widget-container\">\n\t\t\t\t\t\t\t\t\t\t\t\t\t\t\t<img fetchpriority=\"high\" decoding=\"async\" width=\"1178\" height=\"1878\" src=\"https:\/\/janowepole.com\/wp-content\/uploads\/2024\/12\/420130684_367327875986586_3331867279498244264_n.jpg\" class=\"attachment-full size-full wp-image-40\" alt=\"\" srcset=\"https:\/\/janowepole.com\/wp-content\/uploads\/2024\/12\/420130684_367327875986586_3331867279498244264_n.jpg 1178w, https:\/\/janowepole.com\/wp-content\/uploads\/2024\/12\/420130684_367327875986586_3331867279498244264_n-188x300.jpg 188w, https:\/\/janowepole.com\/wp-content\/uploads\/2024\/12\/420130684_367327875986586_3331867279498244264_n-642x1024.jpg 642w, https:\/\/janowepole.com\/wp-content\/uploads\/2024\/12\/420130684_367327875986586_3331867279498244264_n-768x1224.jpg 768w, https:\/\/janowepole.com\/wp-content\/uploads\/2024\/12\/420130684_367327875986586_3331867279498244264_n-963x1536.jpg 963w\" sizes=\"(max-width: 1178px) 100vw, 1178px\" \/>\t\t\t\t\t\t\t\t\t\t\t\t\t\t\t<\/div>\n\t\t\t\t<\/div>\n\t\t\t\t\t<\/div>\n\t\t<\/div>\n\t\t\t\t\t<\/div>\n\t\t<\/section>\n\t\t\t\t<section class=\"elementor-section elementor-top-section elementor-element elementor-element-73c8c8a elementor-section-boxed elementor-section-height-default elementor-section-height-default\" data-id=\"73c8c8a\" data-element_type=\"section\" data-settings=\"{&quot;ekit_has_onepagescroll_dot&quot;:&quot;yes&quot;}\">\n\t\t\t\t\t\t<div class=\"elementor-container elementor-column-gap-default\">\n\t\t\t\t\t<div class=\"elementor-column elementor-col-100 elementor-top-column elementor-element elementor-element-43a3f99\" data-id=\"43a3f99\" data-element_type=\"column\">\n\t\t\t<div class=\"elementor-widget-wrap elementor-element-populated\">\n\t\t\t\t\t\t<div class=\"elementor-element elementor-element-3384fa0 elementor-widget elementor-widget-heading\" data-id=\"3384fa0\" data-element_type=\"widget\" data-settings=\"{&quot;ekit_we_effect_on&quot;:&quot;none&quot;}\" data-widget_type=\"heading.default\">\n\t\t\t\t<div class=\"elementor-widget-container\">\n\t\t\t\t\t<h2 class=\"elementor-heading-title elementor-size-default\">Attraksjoner<\/h2>\t\t\t\t<\/div>\n\t\t\t\t<\/div>\n\t\t\t\t<div class=\"elementor-element elementor-element-177900c elementor-widget-divider--view-line elementor-widget elementor-widget-divider\" data-id=\"177900c\" data-element_type=\"widget\" data-settings=\"{&quot;ekit_we_effect_on&quot;:&quot;none&quot;}\" data-widget_type=\"divider.default\">\n\t\t\t\t<div class=\"elementor-widget-container\">\n\t\t\t\t\t\t\t<div class=\"elementor-divider\">\n\t\t\t<span class=\"elementor-divider-separator\">\n\t\t\t\t\t\t<\/span>\n\t\t<\/div>\n\t\t\t\t\t\t<\/div>\n\t\t\t\t<\/div>\n\t\t\t\t\t<\/div>\n\t\t<\/div>\n\t\t\t\t\t<\/div>\n\t\t<\/section>\n\t\t\t\t<section class=\"elementor-section elementor-top-section elementor-element elementor-element-50ce605 elementor-section-boxed elementor-section-height-default elementor-section-height-default\" data-id=\"50ce605\" data-element_type=\"section\" data-settings=\"{&quot;ekit_has_onepagescroll_dot&quot;:&quot;yes&quot;}\">\n\t\t\t\t\t\t<div class=\"elementor-container elementor-column-gap-default\">\n\t\t\t\t\t<div class=\"elementor-column elementor-col-33 elementor-top-column elementor-element elementor-element-7333215\" data-id=\"7333215\" data-element_type=\"column\">\n\t\t\t<div class=\"elementor-widget-wrap elementor-element-populated\">\n\t\t\t\t\t\t<div class=\"elementor-element elementor-element-6585562 elementor-widget elementor-widget-image\" data-id=\"6585562\" data-element_type=\"widget\" data-settings=\"{&quot;ekit_we_effect_on&quot;:&quot;none&quot;}\" data-widget_type=\"image.default\">\n\t\t\t\t<div class=\"elementor-widget-container\">\n\t\t\t\t\t\t\t\t\t\t\t\t\t\t\t<img decoding=\"async\" width=\"500\" height=\"500\" src=\"https:\/\/janowepole.com\/wp-content\/uploads\/2024\/12\/TARGIM.png\" class=\"attachment-large size-large wp-image-95\" alt=\"\" srcset=\"https:\/\/janowepole.com\/wp-content\/uploads\/2024\/12\/TARGIM.png 500w, https:\/\/janowepole.com\/wp-content\/uploads\/2024\/12\/TARGIM-300x300.png 300w, https:\/\/janowepole.com\/wp-content\/uploads\/2024\/12\/TARGIM-150x150.png 150w\" sizes=\"(max-width: 500px) 100vw, 500px\" \/>\t\t\t\t\t\t\t\t\t\t\t\t\t\t\t<\/div>\n\t\t\t\t<\/div>\n\t\t\t\t<div class=\"elementor-element elementor-element-5a0f6db elementor-widget elementor-widget-text-editor\" data-id=\"5a0f6db\" data-element_type=\"widget\" data-settings=\"{&quot;ekit_we_effect_on&quot;:&quot;none&quot;}\" data-widget_type=\"text-editor.default\">\n\t\t\t\t<div class=\"elementor-widget-container\">\n\t\t\t\t\t\t\t\t\t<p>For de som liker \u00e5 vandre gjennom naturskj\u00f8nne omr\u00e5der p\u00e5 jakt etter naturens skatter, vil disse skogene v\u00e6re en uforglemmelig attraksjon. Den skiftende utsikten, som varierer med \u00e5rstiden og til og med gjennom dagen, kan nytes fra mange h\u00f8ydedrag og utkikkspunkter, som for eksempel \"Sneglen\" i Wola Krogulecka eller utsiktsplattformen p\u00e5 Radziejowa. For soppentusiaster og de som elsker andre skoglige delikatesser, er dette et omr\u00e5de med uendelige muligheter.<\/p>\t\t\t\t\t\t\t\t<\/div>\n\t\t\t\t<\/div>\n\t\t\t\t\t<\/div>\n\t\t<\/div>\n\t\t\t\t<div class=\"elementor-column elementor-col-33 elementor-top-column elementor-element elementor-element-869608d\" data-id=\"869608d\" data-element_type=\"column\">\n\t\t\t<div class=\"elementor-widget-wrap elementor-element-populated\">\n\t\t\t\t\t\t<div class=\"elementor-element elementor-element-b735234 elementor-widget elementor-widget-image\" data-id=\"b735234\" data-element_type=\"widget\" data-settings=\"{&quot;ekit_we_effect_on&quot;:&quot;none&quot;}\" data-widget_type=\"image.default\">\n\t\t\t\t<div class=\"elementor-widget-container\">\n\t\t\t\t\t\t\t\t\t\t\t\t\t\t\t<img decoding=\"async\" width=\"500\" height=\"500\" src=\"https:\/\/janowepole.com\/wp-content\/uploads\/2024\/12\/TARGIM-2.png\" class=\"attachment-large size-large wp-image-93\" alt=\"\" srcset=\"https:\/\/janowepole.com\/wp-content\/uploads\/2024\/12\/TARGIM-2.png 500w, https:\/\/janowepole.com\/wp-content\/uploads\/2024\/12\/TARGIM-2-300x300.png 300w, https:\/\/janowepole.com\/wp-content\/uploads\/2024\/12\/TARGIM-2-150x150.png 150w\" sizes=\"(max-width: 500px) 100vw, 500px\" \/>\t\t\t\t\t\t\t\t\t\t\t\t\t\t\t<\/div>\n\t\t\t\t<\/div>\n\t\t\t\t<div class=\"elementor-element elementor-element-61290b1 elementor-widget elementor-widget-text-editor\" data-id=\"61290b1\" data-element_type=\"widget\" data-settings=\"{&quot;ekit_we_effect_on&quot;:&quot;none&quot;}\" data-widget_type=\"text-editor.default\">\n\t\t\t\t<div class=\"elementor-widget-container\">\n\t\t\t\t\t\t\t\t\t<p>JanowePole er et sted for mennesker som verdsetter stillhet, natur og som elsker aktiv rekreasjon gjennom fotturer og sykkelturer. Om v\u00e5ren, sommeren og h\u00f8sten venter hundrevis av kilometer med sykkelstier, kajakkpadling, fl\u00e5teb\u00e5ter, mange innsj\u00f8er og sv\u00f8mmebassenger p\u00e5 gjestene. Historieinteresserte kan utforske slott, kirker og byer med fascinerende historier som er like engasjerende som Dan Browns b\u00f8ker. Om vinteren tilbyr omr\u00e5det skibakker og langrennsl\u00f8yper, og for dem som er slitne etter en aktiv dag, byr de lokale restaurantene p\u00e5 tradisjonelle retter og drikkevarer h\u00f8yt verdsatt av gjester fra hele verden.<\/p>\t\t\t\t\t\t\t\t<\/div>\n\t\t\t\t<\/div>\n\t\t\t\t\t<\/div>\n\t\t<\/div>\n\t\t\t\t<div class=\"elementor-column elementor-col-33 elementor-top-column elementor-element elementor-element-bf47d04\" data-id=\"bf47d04\" data-element_type=\"column\">\n\t\t\t<div class=\"elementor-widget-wrap elementor-element-populated\">\n\t\t\t\t\t\t<div class=\"elementor-element elementor-element-ad33967 elementor-widget elementor-widget-image\" data-id=\"ad33967\" data-element_type=\"widget\" data-settings=\"{&quot;ekit_we_effect_on&quot;:&quot;none&quot;}\" data-widget_type=\"image.default\">\n\t\t\t\t<div class=\"elementor-widget-container\">\n\t\t\t\t\t\t\t\t\t\t\t\t\t\t\t<img loading=\"lazy\" decoding=\"async\" width=\"500\" height=\"500\" src=\"https:\/\/janowepole.com\/wp-content\/uploads\/2024\/12\/TARGIM-1.png\" class=\"attachment-large size-large wp-image-94\" alt=\"\" srcset=\"https:\/\/janowepole.com\/wp-content\/uploads\/2024\/12\/TARGIM-1.png 500w, https:\/\/janowepole.com\/wp-content\/uploads\/2024\/12\/TARGIM-1-300x300.png 300w, https:\/\/janowepole.com\/wp-content\/uploads\/2024\/12\/TARGIM-1-150x150.png 150w\" sizes=\"(max-width: 500px) 100vw, 500px\" \/>\t\t\t\t\t\t\t\t\t\t\t\t\t\t\t<\/div>\n\t\t\t\t<\/div>\n\t\t\t\t<div class=\"elementor-element elementor-element-1c70502 elementor-widget elementor-widget-text-editor\" data-id=\"1c70502\" data-element_type=\"widget\" data-settings=\"{&quot;ekit_we_effect_on&quot;:&quot;none&quot;}\" data-widget_type=\"text-editor.default\">\n\t\t\t\t<div class=\"elementor-widget-container\">\n\t\t\t\t\t\t\t\t\t<p>JanowePole er ogs\u00e5 et utmerket utgangspunkt for utflukter til n\u00e6rliggende kursteder som Krynica, Muszyna og Szczawnica, samt til vakre byer som Stary S\u0105cz, Nowy S\u0105cz, Zakopane og Krak\u00f3w. P\u00e5 grunn av sin grensen\u00e6re beliggenhet gir det ogs\u00e5 muligheten til \u00e5 oppleve slovakisk kultur og utforske grenseomr\u00e5det mellom Polen og Slovakia. Herfra er det raskt \u00e5 komme seg til Slovakia for \u00e5 nyte termiske bad i Poprad eller tilbringe tid p\u00e5 den slovakiske siden av Tatrafjellene, for eksempel i Tatransk\u00e1 Lomnica.<\/p>\t\t\t\t\t\t\t\t<\/div>\n\t\t\t\t<\/div>\n\t\t\t\t\t<\/div>\n\t\t<\/div>\n\t\t\t\t\t<\/div>\n\t\t<\/section>\n\t\t\t\t<section class=\"elementor-section elementor-top-section elementor-element elementor-element-8cc4636 elementor-section-boxed elementor-section-height-default elementor-section-height-default\" data-id=\"8cc4636\" data-element_type=\"section\" data-settings=\"{&quot;ekit_has_onepagescroll_dot&quot;:&quot;yes&quot;}\">\n\t\t\t\t\t\t<div class=\"elementor-container elementor-column-gap-default\">\n\t\t\t\t\t<div class=\"elementor-column elementor-col-100 elementor-top-column elementor-element elementor-element-dabc300\" data-id=\"dabc300\" data-element_type=\"column\">\n\t\t\t<div class=\"elementor-widget-wrap elementor-element-populated\">\n\t\t\t\t\t\t<div class=\"elementor-element elementor-element-aa749df elementor-widget elementor-widget-heading\" data-id=\"aa749df\" data-element_type=\"widget\" data-settings=\"{&quot;ekit_we_effect_on&quot;:&quot;none&quot;}\" data-widget_type=\"heading.default\">\n\t\t\t\t<div class=\"elementor-widget-container\">\n\t\t\t\t\t<h2 class=\"elementor-heading-title elementor-size-default\">Skriv til oss!<\/h2>\t\t\t\t<\/div>\n\t\t\t\t<\/div>\n\t\t\t\t<div class=\"elementor-element elementor-element-c361c56 elementor-widget-divider--view-line elementor-widget elementor-widget-divider\" data-id=\"c361c56\" data-element_type=\"widget\" data-settings=\"{&quot;ekit_we_effect_on&quot;:&quot;none&quot;}\" data-widget_type=\"divider.default\">\n\t\t\t\t<div class=\"elementor-widget-container\">\n\t\t\t\t\t\t\t<div class=\"elementor-divider\">\n\t\t\t<span class=\"elementor-divider-separator\">\n\t\t\t\t\t\t<\/span>\n\t\t<\/div>\n\t\t\t\t\t\t<\/div>\n\t\t\t\t<\/div>\n\t\t\t\t\t<\/div>\n\t\t<\/div>\n\t\t\t\t\t<\/div>\n\t\t<\/section>\n\t\t\t\t<section class=\"elementor-section elementor-top-section elementor-element elementor-element-9160d2b elementor-reverse-mobile elementor-section-boxed elementor-section-height-default elementor-section-height-default\" data-id=\"9160d2b\" data-element_type=\"section\" data-settings=\"{&quot;ekit_has_onepagescroll_dot&quot;:&quot;yes&quot;}\">\n\t\t\t\t\t\t<div class=\"elementor-container elementor-column-gap-default\">\n\t\t\t\t\t<div class=\"elementor-column elementor-col-33 elementor-top-column elementor-element elementor-element-3bbb3a4\" data-id=\"3bbb3a4\" data-element_type=\"column\">\n\t\t\t<div class=\"elementor-widget-wrap elementor-element-populated\">\n\t\t\t\t\t\t<div class=\"elementor-element elementor-element-245ae91 elementor-widget elementor-widget-image\" data-id=\"245ae91\" data-element_type=\"widget\" data-settings=\"{&quot;ekit_we_effect_on&quot;:&quot;none&quot;}\" data-widget_type=\"image.default\">\n\t\t\t\t<div class=\"elementor-widget-container\">\n\t\t\t\t\t\t\t\t\t\t\t\t\t\t\t<img loading=\"lazy\" decoding=\"async\" width=\"576\" height=\"1024\" src=\"https:\/\/janowepole.com\/wp-content\/uploads\/2024\/12\/359694498_239403082332245_1609129544227696734_n-576x1024.jpg\" class=\"attachment-large size-large wp-image-49\" alt=\"\" srcset=\"https:\/\/janowepole.com\/wp-content\/uploads\/2024\/12\/359694498_239403082332245_1609129544227696734_n-576x1024.jpg 576w, https:\/\/janowepole.com\/wp-content\/uploads\/2024\/12\/359694498_239403082332245_1609129544227696734_n-169x300.jpg 169w, https:\/\/janowepole.com\/wp-content\/uploads\/2024\/12\/359694498_239403082332245_1609129544227696734_n-768x1365.jpg 768w, https:\/\/janowepole.com\/wp-content\/uploads\/2024\/12\/359694498_239403082332245_1609129544227696734_n-864x1536.jpg 864w, https:\/\/janowepole.com\/wp-content\/uploads\/2024\/12\/359694498_239403082332245_1609129544227696734_n.jpg 1080w\" sizes=\"(max-width: 576px) 100vw, 576px\" \/>\t\t\t\t\t\t\t\t\t\t\t\t\t\t\t<\/div>\n\t\t\t\t<\/div>\n\t\t\t\t\t<\/div>\n\t\t<\/div>\n\t\t\t\t<div class=\"elementor-column elementor-col-66 elementor-top-column elementor-element elementor-element-5b28ce8\" data-id=\"5b28ce8\" data-element_type=\"column\">\n\t\t\t<div class=\"elementor-widget-wrap elementor-element-populated\">\n\t\t\t\t\t\t<div class=\"elementor-element elementor-element-b184899 elementor-button-align-center elementor-widget elementor-widget-form\" data-id=\"b184899\" data-element_type=\"widget\" data-settings=\"{&quot;step_next_label&quot;:&quot;Next&quot;,&quot;step_previous_label&quot;:&quot;Previous&quot;,&quot;button_width&quot;:&quot;100&quot;,&quot;step_type&quot;:&quot;number_text&quot;,&quot;step_icon_shape&quot;:&quot;circle&quot;,&quot;ekit_we_effect_on&quot;:&quot;none&quot;}\" data-widget_type=\"form.default\">\n\t\t\t\t<div class=\"elementor-widget-container\">\n\t\t\t\t\t\t\t<form class=\"elementor-form\" method=\"post\" name=\"New Form\" action=\"\">\n\t\t\t<input type=\"hidden\" name=\"post_id\" value=\"7\"\/>\n\t\t\t<input type=\"hidden\" name=\"form_id\" value=\"b184899\"\/>\n\t\t\t<input type=\"hidden\" name=\"referer_title\" value=\"O nas\" \/>\n\n\t\t\t\t\t\t\t<input type=\"hidden\" name=\"queried_id\" value=\"7\"\/>\n\t\t\t\n\t\t\t<div class=\"elementor-form-fields-wrapper elementor-labels-above\">\n\t\t\t\t\t\t\t\t<div class=\"elementor-field-type-text elementor-field-group elementor-column elementor-field-group-name elementor-col-100\">\n\t\t\t\t\t\t\t\t\t\t\t\t<label for=\"form-field-name\" class=\"elementor-field-label\">\n\t\t\t\t\t\t\t\tNavn\t\t\t\t\t\t\t<\/label>\n\t\t\t\t\t\t\t\t\t\t\t\t\t\t<input size=\"1\" type=\"text\" name=\"form_fields[name]\" id=\"form-field-name\" class=\"elementor-field elementor-size-sm  elementor-field-textual\" placeholder=\"Navn\">\n\t\t\t\t\t\t\t\t\t\t\t<\/div>\n\t\t\t\t\t\t\t\t<div class=\"elementor-field-type-email elementor-field-group elementor-column elementor-field-group-email elementor-col-100 elementor-field-required\">\n\t\t\t\t\t\t\t\t\t\t\t\t<label for=\"form-field-email\" class=\"elementor-field-label\">\n\t\t\t\t\t\t\t\tEmail\t\t\t\t\t\t\t<\/label>\n\t\t\t\t\t\t\t\t\t\t\t\t\t\t<input size=\"1\" type=\"email\" name=\"form_fields[email]\" id=\"form-field-email\" class=\"elementor-field elementor-size-sm  elementor-field-textual\" placeholder=\"Email\" required=\"required\" aria-required=\"true\">\n\t\t\t\t\t\t\t\t\t\t\t<\/div>\n\t\t\t\t\t\t\t\t<div class=\"elementor-field-type-textarea elementor-field-group elementor-column elementor-field-group-message elementor-col-100\">\n\t\t\t\t\t\t\t\t\t\t\t\t<label for=\"form-field-message\" class=\"elementor-field-label\">\n\t\t\t\t\t\t\t\tMelding\t\t\t\t\t\t\t<\/label>\n\t\t\t\t\t\t<textarea class=\"elementor-field-textual elementor-field  elementor-size-sm\" name=\"form_fields[message]\" id=\"form-field-message\" rows=\"4\" placeholder=\"Tre\u015b\u0107 Wiadomo\u015bci\"><\/textarea>\t\t\t\t<\/div>\n\t\t\t\t\t\t\t\t<div class=\"elementor-field-type-acceptance elementor-field-group elementor-column elementor-field-group-field_54091c4 elementor-col-100 elementor-field-required\">\n\t\t\t\t\t\t\t<div class=\"elementor-field-subgroup\">\n\t\t\t<span class=\"elementor-field-option\">\n\t\t\t\t<input type=\"checkbox\" name=\"form_fields[field_54091c4]\" id=\"form-field-field_54091c4\" class=\"elementor-field elementor-size-sm  elementor-acceptance-field\" required=\"required\" aria-required=\"true\">\n\t\t\t\t<label for=\"form-field-field_54091c4\">Jeg samtykker i at mine personopplysninger behandles av JanowePole for \u00e5 svare p\u00e5 min henvendelse.<\/label>\t\t\t<\/span>\n\t\t<\/div>\n\t\t\t\t\t\t<\/div>\n\t\t\t\t\t\t\t\t<div class=\"elementor-field-group elementor-column elementor-field-type-submit elementor-col-100 e-form__buttons\">\n\t\t\t\t\t<button class=\"elementor-button elementor-size-sm\" type=\"submit\">\n\t\t\t\t\t\t<span class=\"elementor-button-content-wrapper\">\n\t\t\t\t\t\t\t\t\t\t\t\t\t\t\t\t\t\t\t\t\t\t<span class=\"elementor-button-text\">Send<\/span>\n\t\t\t\t\t\t\t\t\t\t\t\t\t<\/span>\n\t\t\t\t\t<\/button>\n\t\t\t\t<\/div>\n\t\t\t<\/div>\n\t\t<input type=\"hidden\" name=\"trp-form-language\" value=\"nn\"\/><\/form>\n\t\t\t\t\t\t<\/div>\n\t\t\t\t<\/div>\n\t\t\t\t\t<\/div>\n\t\t<\/div>\n\t\t\t\t\t<\/div>\n\t\t<\/section>\n\t\t\t\t<\/div>","protected":false},"excerpt":{"rendered":"<p>O nas JanowePole to le\u015bne miasto schowane na g\u00f3rskim zboczu, we wsi z prawie 500-letni\u0105 histori\u0105 i tradycj\u0105. Napisz do nas Miejsce Wola Krogulecka w gminie Stary S\u0105cz to miejsce magiczne, z dobr\u0105 energi\u0105 i du\u017cymi mo\u017cliwo\u015bciami. Tutaj \u017cycie p\u0142ynie w\u0142asnym tempem. Tutaj pocz\u0105tek maj\u0105 szlaki g\u00f3rskie i rowerowe we wszystkich kierunkach Beskidu S\u0105deckiego. Z [&hellip;]<\/p>","protected":false},"author":1,"featured_media":0,"parent":0,"menu_order":0,"comment_status":"closed","ping_status":"closed","template":"","meta":{"footnotes":""},"class_list":["post-7","page","type-page","status-publish","hentry"],"_links":{"self":[{"href":"https:\/\/janowepole.com\/nn\/wp-json\/wp\/v2\/pages\/7","targetHints":{"allow":["GET"]}}],"collection":[{"href":"https:\/\/janowepole.com\/nn\/wp-json\/wp\/v2\/pages"}],"about":[{"href":"https:\/\/janowepole.com\/nn\/wp-json\/wp\/v2\/types\/page"}],"author":[{"embeddable":true,"href":"https:\/\/janowepole.com\/nn\/wp-json\/wp\/v2\/users\/1"}],"replies":[{"embeddable":true,"href":"https:\/\/janowepole.com\/nn\/wp-json\/wp\/v2\/comments?post=7"}],"version-history":[{"count":28,"href":"https:\/\/janowepole.com\/nn\/wp-json\/wp\/v2\/pages\/7\/revisions"}],"predecessor-version":[{"id":137,"href":"https:\/\/janowepole.com\/nn\/wp-json\/wp\/v2\/pages\/7\/revisions\/137"}],"wp:attachment":[{"href":"https:\/\/janowepole.com\/nn\/wp-json\/wp\/v2\/media?parent=7"}],"curies":[{"name":"wp","href":"https:\/\/api.w.org\/{rel}","templated":true}]}}